{"id":45,"date":"2023-11-15T16:05:26","date_gmt":"2023-11-15T19:05:26","guid":{"rendered":"https:\/\/projetosintese.com.br\/?page_id=45"},"modified":"2024-03-19T14:22:42","modified_gmt":"2024-03-19T17:22:42","slug":"filie-se","status":"publish","type":"page","link":"https:\/\/projetosintese.com.br\/index.php\/filie-se\/","title":{"rendered":"Assine"},"content":{"rendered":"\n<p>Venha fazer parte desta Comunidade!<\/p>\n\n\n\n<div class=\"section-wrapper\" data-id=\"aLK37s\"><section class=\"wp-block-gutenverse-section guten-element guten-section guten-aLK37s layout-boxed align-stretch\"><div class=\"guten-background-overlay\"><\/div><div class=\"guten-shape-divider guten-shape-divider-top\"><\/div><div class=\"guten-shape-divider guten-shape-divider-bottom\"><\/div><div class=\"guten-container guten-column-gap-default\">\n<div class=\"wp-block-gutenverse-column guten-element guten-column guten-KFPYhq\"><div class=\"guten-background-overlay\"><\/div><div class=\"sticky-wrapper\" data-id=\"KFPYhq\"><div class=\"guten-column-wrapper\"><\/div><\/div><\/div>\n<\/div><\/section><\/div>\n\n\n\n<p><\/p>\n\n\n\n<p>Estamos em constante atualiza\u00e7\u00e3o da lista de benef\u00edcios em \u00e2mbito nacional, e para uma melhor gest\u00e3o dos conv\u00eanios firmados, bem como manuten\u00e7\u00e3o do projeto, solicitamos a contribui\u00e7\u00e3o equivalente a <strong>R$ 19,90<\/strong> mensais paga em forma de Anualidade (<strong>exceto aposentados, que s\u00e3o isentos<\/strong>). Esta cota, disponibilizada pelo filiado, \u00e9 arrecada em parcela \u00fanica (PIX), ou parcelada no cart\u00e3o de cr\u00e9dito.<\/p>\n\n\n\n<div class=\"section-wrapper\" data-id=\"dCyREt\"><section class=\"wp-block-gutenverse-section guten-element guten-section guten-dCyREt layout-boxed align-stretch\"><div class=\"guten-background-overlay\"><\/div><div class=\"guten-shape-divider guten-shape-divider-top\"><\/div><div class=\"guten-shape-divider guten-shape-divider-bottom\"><\/div><div class=\"guten-container guten-column-gap-default\">\n<div class=\"wp-block-gutenverse-column guten-element guten-column guten-mwgfuu\"><div class=\"guten-background-overlay\"><\/div><div class=\"sticky-wrapper\" data-id=\"mwgfuu\"><div class=\"guten-column-wrapper\"><\/div><\/div><\/div>\n<\/div><\/section><\/div>\n\n\n\n<p>Informamos que os dados coletados na inscri\u00e7\u00e3o, s\u00e3o disciplinados pela Lei 13.709\/208 (LGPD), e usados apenas para fins de controle de acesso e valida\u00e7\u00e3o (verifica\u00e7\u00e3o da condi\u00e7\u00e3o de servidor p\u00fablico da \u00e1rea de seguran\u00e7a) e visando exclusivamente aumentar a seguran\u00e7a da nossa comunidade.<\/p>\n\n\n\n<div class=\"section-wrapper\" data-id=\"RJTvu9\"><section class=\"wp-block-gutenverse-section guten-element guten-section guten-RJTvu9 layout-boxed align-stretch\"><div class=\"guten-background-overlay\"><\/div><div class=\"guten-shape-divider guten-shape-divider-top\"><\/div><div class=\"guten-shape-divider guten-shape-divider-bottom\"><\/div><div class=\"guten-container guten-column-gap-default\">\n<div class=\"wp-block-gutenverse-column guten-element guten-column guten-BCbMYM\"><div class=\"guten-background-overlay\"><\/div><div class=\"sticky-wrapper\" data-id=\"BCbMYM\"><div class=\"guten-column-wrapper\"><\/div><\/div><\/div>\n<\/div><\/section><\/div>\n\n\n\n<p>Garantimos que em nenhuma circunst\u00e2ncia os dados fornecidos ser\u00e3o divulgados e\/ou repassados \u00e0 terceiros, bem como em momento algum, ser\u00e1 solicitado por qualquer canal que seja, dados sens\u00edveis.<\/p>\n\n\n\n<div class=\"section-wrapper\" data-id=\"41P1F5\"><section class=\"wp-block-gutenverse-section guten-element guten-section guten-41P1F5 layout-boxed align-stretch\"><div class=\"guten-background-overlay\"><\/div><div class=\"guten-shape-divider guten-shape-divider-top\"><\/div><div class=\"guten-shape-divider guten-shape-divider-bottom\"><\/div><div class=\"guten-container guten-column-gap-default\">\n<div class=\"wp-block-gutenverse-column guten-element guten-column guten-BaR1AN\"><div class=\"guten-background-overlay\"><\/div><div class=\"sticky-wrapper\" data-id=\"BaR1AN\"><div class=\"guten-column-wrapper\"><\/div><\/div><\/div>\n<\/div><\/section><\/div>\n\n\n\n<p>Por favor, Iembre-se de que o preenchimento de todos os campos \u00e9 obrigat\u00f3rio para obter acesso \u00e0 nossa comunidade.<\/p>\n\n\n\n<div class=\"section-wrapper\" data-id=\"hjTdBA\"><section class=\"wp-block-gutenverse-section guten-element guten-section guten-hjTdBA layout-boxed align-stretch\"><div class=\"guten-background-overlay\"><\/div><div class=\"guten-shape-divider guten-shape-divider-top\"><\/div><div class=\"guten-shape-divider guten-shape-divider-bottom\"><\/div><div class=\"guten-container guten-column-gap-default\">\n<div class=\"wp-block-gutenverse-column guten-element guten-column guten-gr9XOG\"><div class=\"guten-background-overlay\"><\/div><div class=\"sticky-wrapper\" data-id=\"gr9XOG\"><div class=\"guten-column-wrapper\"><\/div><\/div><\/div>\n<\/div><\/section><\/div>\n\n\n\n<p><\/p>\n\n\n\n<h2 class=\"wp-block-heading\">Aviso<\/h2>\n\n\n\n<div class=\"section-wrapper\" data-id=\"PD8q0r\"><section class=\"wp-block-gutenverse-section guten-element guten-section guten-PD8q0r layout-boxed align-stretch\"><div class=\"guten-background-overlay\"><\/div><div class=\"guten-shape-divider guten-shape-divider-top\"><\/div><div class=\"guten-shape-divider guten-shape-divider-bottom\"><\/div><div class=\"guten-container guten-column-gap-default\">\n<div class=\"wp-block-gutenverse-column guten-element guten-column guten-Ujg66J\"><div class=\"guten-background-overlay\"><\/div><div class=\"sticky-wrapper\" data-id=\"Ujg66J\"><div class=\"guten-column-wrapper\"><\/div><\/div><\/div>\n<\/div><\/section><\/div>\n\n\n\n<p><\/p>\n\n\n\n<p>A comunidade \u00e9 composta apenas de profissionais de seguran\u00e7a p\u00fablica de todos os estados, e as regras maiores s\u00e3o a colabora\u00e7\u00e3o e o respeito.<\/p>\n\n\n\n<p>Discuss\u00f5es pol\u00edticas e agress\u00f5es verbais<span style=\"background-color:var(--base-2)\" class=\"has-inline-background\"> <strong>n\u00e3o ser\u00e3o<\/strong> <strong>toleradas, levando \u00e0<\/strong> <strong>imediata<\/strong> <strong>expuls\u00e3o da comunidade e de todos os grupos a ela<\/strong> <strong>vinculados, permanecendo apenas com o acesso \u00e0 area restrita da p\u00e1gina. <\/strong><\/span>O objetivo deste Projeto \u00e9 uma integra\u00e7\u00e3o entre os servidores, em busca de benef\u00edcios para todos os membros da Comunidade.<\/p>\n\n\n\n<div class=\"section-wrapper\" data-id=\"fg67AT\"><section class=\"wp-block-gutenverse-section guten-element guten-section guten-fg67AT layout-boxed align-stretch\"><div class=\"guten-background-overlay\"><\/div><div class=\"guten-shape-divider guten-shape-divider-top\"><\/div><div class=\"guten-shape-divider guten-shape-divider-bottom\"><\/div><div class=\"guten-container guten-column-gap-default\">\n<div class=\"wp-block-gutenverse-column guten-element guten-column guten-AuXIUE\"><div class=\"guten-background-overlay\"><\/div><div class=\"sticky-wrapper\" data-id=\"AuXIUE\"><div class=\"guten-column-wrapper\"><\/div><\/div><\/div>\n<\/div><\/section><\/div>\n\n\n\n<form id=\"forminator-module-72\" class=\"forminator-custom-form forminator-custom-form-72\" method=\"post\" data-forminator-render=\"0\" data-uid=\"69dd467f8274a\"><div role=\"alert\" aria-live=\"polite\" class=\"forminator-response-message forminator-error\" aria-hidden=\"true\"><\/div><\/form>\n\n\n\n<p><\/p>\n\n\n\n<p>Por fim, informamos que assim que seu cadastro for liberado, voc\u00ea receber\u00e1 um <strong>link de pagamento<\/strong>, e posteriormente ser\u00e1 inclu\u00eddo num grupo EXCLUSIVO, onde \u00e9 exigida a urbanidade entre seus membros.<\/p>\n\n\n\n<div class=\"section-wrapper\" data-id=\"ZneKbb\"><section class=\"wp-block-gutenverse-section guten-element guten-section guten-ZneKbb layout-boxed align-stretch\"><div class=\"guten-background-overlay\"><\/div><div class=\"guten-shape-divider guten-shape-divider-top\"><\/div><div class=\"guten-shape-divider guten-shape-divider-bottom\"><\/div><div class=\"guten-container guten-column-gap-default\">\n<div class=\"wp-block-gutenverse-column guten-element guten-column guten-EidZIf\"><div class=\"guten-background-overlay\"><\/div><div class=\"sticky-wrapper\" data-id=\"EidZIf\"><div class=\"guten-column-wrapper\"><\/div><\/div><\/div>\n<\/div><\/section><\/div>\n\n\n\n<p>Caso voc\u00ea ofere\u00e7a algum produto e servi\u00e7o, n\u00e3o deixe de se inscrever na \u00e1rea de <a href=\"http:\/\/parceiros.projetosintese.com.br\" class=\"ek-link\">PARCEIROS<\/a>. L\u00e1, todos os participantes do projeto poder\u00e3o consultar e contact\u00e1-lo.<\/p>\n\n\n\n<p>Caso surjam d\u00favidas acerca da filia\u00e7\u00e3o, entre em <a href=\"https:\/\/projetosintese.com.br\/index.php\/contato\/\">contato<\/a> conosco, que responderemos o quanto antes.<\/p>\n\n\n\n<p>SEJA MUITO BEM-VINDO(A)<\/p>\n","protected":false},"excerpt":{"rendered":"<p>Venha fazer parte desta Comunidade! Estamos em constante atualiza\u00e7\u00e3o da lista de benef\u00edcios em \u00e2mbito nacional, e para uma melhor gest\u00e3o dos conv\u00eanios firmados, bem como manuten\u00e7\u00e3o do projeto, solicitamos a contribui\u00e7\u00e3o equivalente a R$ 19,90 mensais paga em forma de Anualidade (exceto aposentados, que s\u00e3o isentos). Esta cota, disponibilizada pelo filiado, \u00e9 arrecada em parcela \u00fanica (PIX), ou parcelada no cart\u00e3o de cr\u00e9dito. Informamos que os dados coletados na inscri\u00e7\u00e3o, s\u00e3o disciplinados pela Lei 13.709\/208 (LGPD), e usados apenas para fins de controle de acesso e valida\u00e7\u00e3o (verifica\u00e7\u00e3o da condi\u00e7\u00e3o de servidor p\u00fablico da \u00e1rea de seguran\u00e7a) e visando<\/p>\n","protected":false},"author":1,"featured_media":0,"parent":0,"menu_order":0,"comment_status":"closed","ping_status":"closed","template":"","meta":{"ub_ctt_via":"","_editorskit_title_hidden":false,"_editorskit_reading_time":0,"_editorskit_is_block_options_detached":false,"_editorskit_block_options_position":"{}","_eb_attr":"","_monsterinsights_skip_tracking":false,"_monsterinsights_sitenote_active":false,"_monsterinsights_sitenote_note":"","_monsterinsights_sitenote_category":0,"footnotes":""},"class_list":["post-45","page","type-page","status-publish","hentry"],"featured_image_src":null,"aioseo_notices":[],"jetpack_sharing_enabled":true,"_links":{"self":[{"href":"https:\/\/projetosintese.com.br\/index.php\/wp-json\/wp\/v2\/pages\/45","targetHints":{"allow":["GET"]}}],"collection":[{"href":"https:\/\/projetosintese.com.br\/index.php\/wp-json\/wp\/v2\/pages"}],"about":[{"href":"https:\/\/projetosintese.com.br\/index.php\/wp-json\/wp\/v2\/types\/page"}],"author":[{"embeddable":true,"href":"https:\/\/projetosintese.com.br\/index.php\/wp-json\/wp\/v2\/users\/1"}],"replies":[{"embeddable":true,"href":"https:\/\/projetosintese.com.br\/index.php\/wp-json\/wp\/v2\/comments?post=45"}],"version-history":[{"count":23,"href":"https:\/\/projetosintese.com.br\/index.php\/wp-json\/wp\/v2\/pages\/45\/revisions"}],"predecessor-version":[{"id":721,"href":"https:\/\/projetosintese.com.br\/index.php\/wp-json\/wp\/v2\/pages\/45\/revisions\/721"}],"wp:attachment":[{"href":"https:\/\/projetosintese.com.br\/index.php\/wp-json\/wp\/v2\/media?parent=45"}],"curies":[{"name":"wp","href":"https:\/\/api.w.org\/{rel}","templated":true}]}}