{"id":33,"date":"2023-11-15T15:15:26","date_gmt":"2023-11-15T18:15:26","guid":{"rendered":"https:\/\/projetosintese.com.br\/?page_id=33"},"modified":"2024-01-26T15:41:50","modified_gmt":"2024-01-26T18:41:50","slug":"missao","status":"publish","type":"page","link":"https:\/\/projetosintese.com.br\/index.php\/missao\/","title":{"rendered":"Miss\u00e3o"},"content":{"rendered":"\n<p>Promover, atrav\u00e9s de uma <strong>Comunidade Colaborativa<\/strong>, uma integra\u00e7\u00e3o entre servidores da seguran\u00e7a p\u00fablica,  com a finalidade de m\u00fatua ajuda, divulgando produtos, servi\u00e7os e benef\u00edcios de interesse do grupo.<\/p>\n","protected":false},"excerpt":{"rendered":"<p>Promover, atrav\u00e9s de uma Comunidade Colaborativa, uma integra\u00e7\u00e3o entre servidores da seguran\u00e7a p\u00fablica, com a finalidade de m\u00fatua ajuda, divulgando produtos, servi\u00e7os e benef\u00edcios de interesse do grupo.<\/p>\n","protected":false},"author":1,"featured_media":0,"parent":0,"menu_order":0,"comment_status":"closed","ping_status":"closed","template":"","meta":{"ub_ctt_via":"","_editorskit_title_hidden":false,"_editorskit_reading_time":0,"_editorskit_is_block_options_detached":false,"_editorskit_block_options_position":"{}","_eb_attr":"","_monsterinsights_skip_tracking":false,"_monsterinsights_sitenote_active":false,"_monsterinsights_sitenote_note":"","_monsterinsights_sitenote_category":0,"footnotes":""},"class_list":["post-33","page","type-page","status-publish","hentry"],"featured_image_src":null,"aioseo_notices":[],"jetpack_sharing_enabled":true,"_links":{"self":[{"href":"https:\/\/projetosintese.com.br\/index.php\/wp-json\/wp\/v2\/pages\/33","targetHints":{"allow":["GET"]}}],"collection":[{"href":"https:\/\/projetosintese.com.br\/index.php\/wp-json\/wp\/v2\/pages"}],"about":[{"href":"https:\/\/projetosintese.com.br\/index.php\/wp-json\/wp\/v2\/types\/page"}],"author":[{"embeddable":true,"href":"https:\/\/projetosintese.com.br\/index.php\/wp-json\/wp\/v2\/users\/1"}],"replies":[{"embeddable":true,"href":"https:\/\/projetosintese.com.br\/index.php\/wp-json\/wp\/v2\/comments?post=33"}],"version-history":[{"count":4,"href":"https:\/\/projetosintese.com.br\/index.php\/wp-json\/wp\/v2\/pages\/33\/revisions"}],"predecessor-version":[{"id":364,"href":"https:\/\/projetosintese.com.br\/index.php\/wp-json\/wp\/v2\/pages\/33\/revisions\/364"}],"wp:attachment":[{"href":"https:\/\/projetosintese.com.br\/index.php\/wp-json\/wp\/v2\/media?parent=33"}],"curies":[{"name":"wp","href":"https:\/\/api.w.org\/{rel}","templated":true}]}}