{"id":28,"date":"2023-11-15T15:08:38","date_gmt":"2023-11-15T18:08:38","guid":{"rendered":"https:\/\/projetosintese.com.br\/?page_id=28"},"modified":"2024-01-27T08:42:47","modified_gmt":"2024-01-27T11:42:47","slug":"inicio","status":"publish","type":"page","link":"https:\/\/projetosintese.com.br\/","title":{"rendered":"Inicio"},"content":{"rendered":"\n<p><\/p>\n\n\n\n<p class=\"has-text-align-justify\">Aqui \u00e9 a porta de entrada para uma comunidade formada por agentes membros da seguran\u00e7a p\u00fablica, valorizando seus servi\u00e7os e conhecimentos, e fornecendo suporte, na medida do poss\u00edvel.<\/p>\n\n\n\n<p class=\"has-text-align-justify\">O PROJETO S\u00cdNTESE visa criar uma plataforma nacional que centraliza ofertas exclusivas em produtos e servi\u00e7os para agentes de seguran\u00e7a p\u00fablica, seus familiares e parceiros comerciais (empresas, associa\u00e7\u00f5es, profissionais liberais e aut\u00f4nomos). Nosso objetivo \u00e9 consolidar parcerias que proporcionem benef\u00edcios tang\u00edveis e melhoria na qualidade de vida da nossa comunidade.<\/p>\n\n\n\n<p class=\"has-text-align-justify\">Fundado por um coletivo de profissionais com profunda experi\u00eancia na \u00e1rea de seguran\u00e7a p\u00fablica, o GRUPO S\u00cdNTESE \u00e9 estruturado para atuar como uma ponte entre o setor de seguran\u00e7a e o com\u00e9rcio\/presta\u00e7\u00e3o de servi\u00e7os, promovendo benef\u00edcios m\u00fatuos. Nossa equipe de gest\u00e3o \u00e9 composta por especialistas em seguran\u00e7a, administra\u00e7\u00e3o de empresas e tecnologia da informa\u00e7\u00e3o, todos comprometidos com a miss\u00e3o de fortalecer e apoiar nossos membros.<\/p>\n\n\n\n<p class=\"has-text-align-justify\">A vis\u00e3o do GRUPO S\u00cdNTESE \u00e9 ser reconhecido como o principal facilitador provendo acesso a produtos e servi\u00e7os com descontos para a comunidade de seguran\u00e7a em n\u00edvel nacional, criando uma rede de apoio s\u00f3lida e confi\u00e1vel. Para alcan\u00e7ar nossos objetivos, estabelecemos parcerias estrat\u00e9gicas com empresas e profissionais que compartilham de nossos valores e est\u00e3o dispostos a oferecer condi\u00e7\u00f5es especiais para os agentes de seguran\u00e7a e suas fam\u00edlias.<\/p>\n\n\n\n<p class=\"has-text-align-justify\">Operacionalmente, o Grupo se organiza em c\u00e9lulas especializadas que abrangem desde o atendimento ao associado at\u00e9 o desenvolvimento de parcerias empresariais e com prestadores de servi\u00e7os (profissionais liberais e aut\u00f4nomos). Implementamos um sistema digital seguro e eficiente para gerenciar as ades\u00f5es, promover ofertas de produtos e servi\u00e7os garantindo que nossos membros aproveitem todos os benef\u00edcios dispon\u00edveis sem complica\u00e7\u00f5es.<\/p>\n\n\n\n<p class=\"has-text-align-justify\">Assim, atrav\u00e9s da integra\u00e7\u00e3o de diferentes atores e interessados, o <strong>Projeto S\u00edntese<\/strong> nos transformaremos em um \u201chub\u201d <strong>colaborativo <\/strong>de informa\u00e7\u00f5es e benef\u00edcios, onde a sinergia entre as diversas partes resultar\u00e1 em avan\u00e7os significativos na qualidade de vida de seus membros e familiares.<\/p>\n\n\n\n<p>Aqui \u00e9 o local onde o profissional da seguran\u00e7a p\u00fablica \u00e9 <strong>integralmente<\/strong> valorizado e apoiado. Um espa\u00e7o feito por agentes de seguran\u00e7a para agentes de seguran\u00e7a.<\/p>\n\n\n\n<p>Venha voc\u00ea tamb\u00e9m fazer parte desta comunidade!<\/p>\n\n\n\n<div class=\"wp-block-columns is-layout-flex wp-container-core-columns-is-layout-28f84493 wp-block-columns-is-layout-flex\">\n<div class=\"wp-block-column is-layout-flow wp-block-column-is-layout-flow\" style=\"flex-basis:50%\">\n<div class=\"wp-block-buttons is-layout-flex wp-block-buttons-is-layout-flex\">\n<div class=\"wp-block-button\"><a class=\"wp-block-button__link wp-element-button\" href=\"https:\/\/projetosintese.com.br\/index.php\/filie-se\/\">Assine<\/a><\/div>\n<\/div>\n<\/div>\n\n\n\n<div class=\"wp-block-column is-layout-flow wp-block-column-is-layout-flow\" style=\"flex-basis:50%\">\n<div class=\"wp-block-buttons is-layout-flex wp-block-buttons-is-layout-flex\">\n<div class=\"wp-block-button\"><a class=\"wp-block-button__link wp-element-button\" href=\"https:\/\/projetosintese.com.br\/index.php\/login\/\">Sou Assinante<\/a><\/div>\n<\/div>\n<\/div>\n<\/div>\n\n\n\n<div style=\"height:31px\" aria-hidden=\"true\" class=\"wp-block-spacer\"><\/div>\n\n\n\n<hr class=\"wp-block-separator has-alpha-channel-opacity\"\/>\n\n\n\n<h2 class=\"wp-block-heading\" id=\"0-empres%C3%A1rios-e-profissionais-liberais\">Empres\u00e1rios e Profissionais Liberais<\/h2>\n\n\n\n<p class=\"has-text-align-justify\">Voc\u00ea que \u00e9 empres\u00e1rio ou profissional liberal, e valoriza a atividade policial e os membros da seguran\u00e7a p\u00fablica, filie-se ao <strong>Projeto S\u00edntese<\/strong> e amplie sua carteira de clientes. Somos uma rede com mais de <strong>700 mil servidores<\/strong> distribu\u00eddos por todo o pa\u00eds, e como cidad\u00e3os, consumimos toda gama de produtos e servi\u00e7os, gerando receita e ajudando a criar empregos na regi\u00e3o que atuamos.<\/p>\n\n\n\n<p>Entre em contato e obtenha mais informa\u00e7\u00f5es de como participar.<\/p>\n\n\n\n<div class=\"wp-block-buttons is-layout-flex wp-block-buttons-is-layout-flex\">\n<div class=\"wp-block-button\"><a class=\"wp-block-button__link wp-element-button\" href=\"http:\/\/parceiros.projetosintese.com.br\/\">Contato<\/a><\/div>\n<\/div>\n","protected":false},"excerpt":{"rendered":"<p>Aqui \u00e9 a porta de entrada para uma comunidade formada por agentes membros da seguran\u00e7a p\u00fablica, valorizando seus servi\u00e7os e conhecimentos, e fornecendo suporte, na medida do poss\u00edvel. O PROJETO S\u00cdNTESE visa criar uma plataforma nacional que centraliza ofertas exclusivas em produtos e servi\u00e7os para agentes de seguran\u00e7a p\u00fablica, seus familiares e parceiros comerciais (empresas, associa\u00e7\u00f5es, profissionais liberais e aut\u00f4nomos). Nosso objetivo \u00e9 consolidar parcerias que proporcionem benef\u00edcios tang\u00edveis e melhoria na qualidade de vida da nossa comunidade. Fundado por um coletivo de profissionais com profunda experi\u00eancia na \u00e1rea de seguran\u00e7a p\u00fablica, o GRUPO S\u00cdNTESE \u00e9 estruturado para atuar como<\/p>\n","protected":false},"author":1,"featured_media":0,"parent":0,"menu_order":0,"comment_status":"closed","ping_status":"closed","template":"","meta":{"ub_ctt_via":"","_editorskit_title_hidden":false,"_editorskit_reading_time":0,"_editorskit_is_block_options_detached":false,"_editorskit_block_options_position":"{}","_eb_attr":"","_monsterinsights_skip_tracking":false,"_monsterinsights_sitenote_active":false,"_monsterinsights_sitenote_note":"","_monsterinsights_sitenote_category":0,"footnotes":""},"class_list":["post-28","page","type-page","status-publish","hentry"],"featured_image_src":null,"aioseo_notices":[],"jetpack_sharing_enabled":true,"_links":{"self":[{"href":"https:\/\/projetosintese.com.br\/index.php\/wp-json\/wp\/v2\/pages\/28","targetHints":{"allow":["GET"]}}],"collection":[{"href":"https:\/\/projetosintese.com.br\/index.php\/wp-json\/wp\/v2\/pages"}],"about":[{"href":"https:\/\/projetosintese.com.br\/index.php\/wp-json\/wp\/v2\/types\/page"}],"author":[{"embeddable":true,"href":"https:\/\/projetosintese.com.br\/index.php\/wp-json\/wp\/v2\/users\/1"}],"replies":[{"embeddable":true,"href":"https:\/\/projetosintese.com.br\/index.php\/wp-json\/wp\/v2\/comments?post=28"}],"version-history":[{"count":20,"href":"https:\/\/projetosintese.com.br\/index.php\/wp-json\/wp\/v2\/pages\/28\/revisions"}],"predecessor-version":[{"id":354,"href":"https:\/\/projetosintese.com.br\/index.php\/wp-json\/wp\/v2\/pages\/28\/revisions\/354"}],"wp:attachment":[{"href":"https:\/\/projetosintese.com.br\/index.php\/wp-json\/wp\/v2\/media?parent=28"}],"curies":[{"name":"wp","href":"https:\/\/api.w.org\/{rel}","templated":true}]}}