{"id":151,"date":"2023-11-24T11:29:40","date_gmt":"2023-11-24T14:29:40","guid":{"rendered":"https:\/\/projetosintese.com.br\/?page_id=151"},"modified":"2023-11-25T14:26:11","modified_gmt":"2023-11-25T17:26:11","slug":"teste","status":"publish","type":"page","link":"https:\/\/projetosintese.com.br\/index.php\/teste\/","title":{"rendered":"Consulta Assinante"},"content":{"rendered":"<div class=\"rsc_message\">Voc\u00ea n\u00e3o tem permiss\u00e3o para acessar esse conte\u00fado.<\/div>","protected":false},"excerpt":{"rendered":"<p>Voc\u00ea n\u00e3o tem permiss\u00e3o para acessar esse conte\u00fado.<\/p>\n","protected":false},"author":1,"featured_media":0,"parent":0,"menu_order":0,"comment_status":"closed","ping_status":"closed","template":"","meta":{"ub_ctt_via":"","_editorskit_title_hidden":false,"_editorskit_reading_time":0,"_editorskit_is_block_options_detached":false,"_editorskit_block_options_position":"{}","_eb_attr":"","_monsterinsights_skip_tracking":false,"_monsterinsights_sitenote_active":false,"_monsterinsights_sitenote_note":"","_monsterinsights_sitenote_category":0,"footnotes":""},"class_list":["post-151","page","type-page","status-publish","hentry"],"featured_image_src":null,"aioseo_notices":[],"jetpack_sharing_enabled":true,"_links":{"self":[{"href":"https:\/\/projetosintese.com.br\/index.php\/wp-json\/wp\/v2\/pages\/151","targetHints":{"allow":["GET"]}}],"collection":[{"href":"https:\/\/projetosintese.com.br\/index.php\/wp-json\/wp\/v2\/pages"}],"about":[{"href":"https:\/\/projetosintese.com.br\/index.php\/wp-json\/wp\/v2\/types\/page"}],"author":[{"embeddable":true,"href":"https:\/\/projetosintese.com.br\/index.php\/wp-json\/wp\/v2\/users\/1"}],"replies":[{"embeddable":true,"href":"https:\/\/projetosintese.com.br\/index.php\/wp-json\/wp\/v2\/comments?post=151"}],"version-history":[{"count":10,"href":"https:\/\/projetosintese.com.br\/index.php\/wp-json\/wp\/v2\/pages\/151\/revisions"}],"predecessor-version":[{"id":200,"href":"https:\/\/projetosintese.com.br\/index.php\/wp-json\/wp\/v2\/pages\/151\/revisions\/200"}],"wp:attachment":[{"href":"https:\/\/projetosintese.com.br\/index.php\/wp-json\/wp\/v2\/media?parent=151"}],"curies":[{"name":"wp","href":"https:\/\/api.w.org\/{rel}","templated":true}]}}